{"id":6203,"date":"2025-07-18T20:34:17","date_gmt":"2025-07-18T20:34:17","guid":{"rendered":"https:\/\/espacotrans-preview.bycodelinea.com\/?page_id=6203"},"modified":"2025-09-30T14:33:57","modified_gmt":"2025-09-30T14:33:57","slug":"servicos","status":"publish","type":"page","link":"https:\/\/espacotrans.com\/en\/servicos\/","title":{"rendered":"Servi\u00e7os"},"content":{"rendered":"<div id=\"fws_69e21a36e2b54\"  data-column-margin=\"default\" data-midnight=\"light\" data-top-percent=\"5%\" data-bottom-percent=\"5%\"  class=\"wpb_row vc_row-fluid vc_row full-width-section vc_row-o-equal-height vc_row-flex vc_row-o-content-middle\"  style=\"padding-top: calc(100vw * 0.05); padding-bottom: calc(100vw * 0.05); \"><div class=\"row-bg-wrap\" data-bg-animation=\"zoom-out-slow\" data-bg-animation-delay=\"\" data-bg-overlay=\"false\"><div class=\"inner-wrap row-bg-layer using-image\" ><div class=\"row-bg viewport-desktop using-image\"  style=\"background-image: url(https:\/\/espacotrans.com\/wp-content\/uploads\/2025\/07\/home-scaled.jpg); background-position: left top; background-repeat: no-repeat; \"><\/div><\/div><\/div><div class=\"row_col_wrap_12 col span_12 light left\">\n\t<div  class=\"vc_col-sm-6 wpb_column column_container vc_column_container col padding-5-percent inherit_tablet inherit_phone\"  data-padding-pos=\"all\" data-has-bg-color=\"false\" data-bg-color=\"\" data-bg-opacity=\"1\" data-animation=\"\" data-delay=\"0\" >\n\t\t<div class=\"vc_column-inner\" >\n\t\t\t<div class=\"wpb_wrapper\">\n\t\t\t\t\n<div class=\"wpb_text_column wpb_content_element  wpb_animate_when_almost_visible wpb_fadeInUp fadeInUp\" style=\" max-width: 400px; display: inline-block;\">\n\t<div class=\"wpb_wrapper\">\n\t\t<h2><strong>SERVICES<\/strong><\/h2>\n\t<\/div>\n<\/div>\n\n\n\n\n\t\t\t<\/div> \n\t\t<\/div>\n\t<\/div> \n\n\t<div  class=\"vc_col-sm-6 wpb_column column_container vc_column_container col padding-5-percent inherit_tablet inherit_phone\"  data-padding-pos=\"all\" data-has-bg-color=\"false\" data-bg-color=\"\" data-bg-opacity=\"1\" data-animation=\"\" data-delay=\"0\" >\n\t\t<div class=\"vc_column-inner\" >\n\t\t\t<div class=\"wpb_wrapper\">\n\t\t\t\t\n\t\t\t<\/div> \n\t\t<\/div>\n\t<\/div> \n<\/div><\/div>\n\t\t<div id=\"fws_69e21a36e3e3f\"  data-column-margin=\"none\" data-midnight=\"dark\"  class=\"wpb_row vc_row-fluid vc_row full-width-content vc_row-o-equal-height vc_row-flex vc_row-o-content-top divisorElement\"  style=\"padding-top: 0px; padding-bottom: 0px; \"><div class=\"row-bg-wrap\" data-bg-animation=\"none\" data-bg-animation-delay=\"\" data-bg-overlay=\"false\"><div class=\"inner-wrap row-bg-layer\" ><div class=\"row-bg viewport-desktop\"  style=\"\"><\/div><\/div><\/div><div class=\"row_col_wrap_12 col span_12 dark left\">\n\t<div  class=\"vc_col-sm-12 wpb_column column_container vc_column_container col no-extra-padding inherit_tablet inherit_phone\"  data-padding-pos=\"all\" data-has-bg-color=\"false\" data-bg-color=\"\" data-bg-opacity=\"1\" data-animation=\"\" data-delay=\"0\" >\n\t\t<div class=\"vc_column-inner\" >\n\t\t\t<div class=\"wpb_wrapper\">\n\t\t\t\t<div class=\"divider-wrap\" data-alignment=\"default\"><div style=\"margin-top: 12.5px; height: 4px; margin-bottom: 12.5px;\" data-width=\"100%\" data-animate=\"\" data-animation-delay=\"\" data-color=\"accent-color\" class=\"divider-border\"><\/div><\/div>\n\t\t\t<\/div> \n\t\t<\/div>\n\t<\/div> \n<\/div><\/div>\n\t\t<div id=\"fws_69e21a36e49e4\"  data-column-margin=\"default\" data-midnight=\"dark\" data-top-percent=\"6%\" data-bottom-percent=\"6%\"  class=\"wpb_row vc_row-fluid vc_row  right_padding_5pct left_padding_5pct top_padding_phone_15pct bottom_padding_phone_15pct\"  style=\"padding-top: calc(100vw * 0.06); padding-bottom: calc(100vw * 0.06); \"><div class=\"row-bg-wrap\" data-bg-animation=\"none\" data-bg-animation-delay=\"\" data-bg-overlay=\"false\"><div class=\"inner-wrap row-bg-layer\" ><div class=\"row-bg viewport-desktop\"  style=\"\"><\/div><\/div><\/div><div class=\"row_col_wrap_12 col span_12 dark left\">\n\t<div  class=\"vc_col-sm-12 wpb_column column_container vc_column_container col no-extra-padding inherit_tablet inherit_phone\"  data-padding-pos=\"all\" data-has-bg-color=\"false\" data-bg-color=\"\" data-bg-opacity=\"1\" data-animation=\"\" data-delay=\"0\" >\n\t\t<div class=\"vc_column-inner\" >\n\t\t\t<div class=\"wpb_wrapper\">\n\t\t\t\t\n<div class=\"wpb_text_column wpb_content_element\" >\n\t<div class=\"wpb_wrapper\">\n\t\t<h2><span style=\"color: #f78400;\">OUR<\/span><br \/>\n<span style=\"color: #f78400;\"><strong>SERVICES<\/strong><\/span><\/h2>\n\t<\/div>\n<\/div>\n\n\n\n<div class=\"divider-wrap\" data-alignment=\"default\"><div style=\"margin-top: 12.5px; width: 80px; height: 6px; margin-bottom: 12.5px;\" data-width=\"80px\" data-animate=\"yes\" data-animation-delay=\"\" data-color=\"accent-color\" class=\"divider-small-border\"><\/div><\/div><div class=\"divider-wrap height_phone_15px\" data-alignment=\"default\"><div style=\"height: 50px;\" class=\"divider\"><\/div><\/div><div class='nectar-post-grid-wrap gridServices text-color-light spacing-10px' data-el-settings='{\"post_type\":\"custom\",\"pagination\":\"none\",\"image_size\":\"large\",\"parallax_scrolling\":\"\",\"aspect_ratio_image_size\":\"\",\"category_position\":\"default\",\"category_display\":\"default\",\"display_categories\":\"0\",\"display_excerpt\":\"0\",\"excerpt_length\":\"20\",\"display_date\":\"0\",\"display_estimated_reading_time\":\"0\",\"display_author\":\"0\",\"author_functionality\":\"default\",\"author_position\":\"default\",\"color_overlay\":\"#000000\",\"color_overlay_opacity\":\"0.3\",\"color_overlay_hover_opacity\":\"0.6\",\"card_bg_color\":\"\",\"grid_style\":\"content_overlaid\",\"hover_effect\":\"zoom\",\"post_title_overlay\":\"\",\"heading_tag\":\"default\",\"heading_tag_render\":\"default\",\"enable_gallery_lightbox\":\"0\",\"category_style\":\"underline\",\"overlay_secondary_project_image\":\"\",\"vertical_list_hover_effect\":\"none\",\"vertical_list_read_more\":\"\",\"read_more_button\":\"0\",\"animation\":\"none\",\"custom_fields\":\"\",\"custom_fields_location\":\"before_post_meta\",\"display_type\":\"grid\",\"text_content_layout\":\"all_top_left\"}' data-style='content_overlaid' data-query='{\"post_type\":\"custom\",\"posts_per_page\":\"20\",\"order\":\"DESC\",\"orderby\":\"date\",\"offset\":\"0\",\"cpt_name\":\"service\",\"custom_query_tax\":\"\",\"ignore_sticky_posts\":\"\",\"exclude_current_post\":\"yes\"}' data-load-more-color='black' data-load-more-text='Load More'><div class=\"nectar-post-grid-filters\" data-active-color=\"default\" data-align=\"default\" data-animation=\"none\" data-sortable=\"\"><div><a href=\"#\" class=\"active all-filter\" data-filter=\"all\" data-total-count=\"6\">All<\/a><\/div><\/div><div class=\"nectar-post-grid text-opacity-1 text-opacity-hover-1 category-position-before-title desktop_padding_20px\" data-indicator=\"\" data-indicator-style=\"default\" data-indicator-text-color=\"#fff\" data-indicator-color=\"#000\" data-indicator-text=\"View\" data-columns=\"3\" data-hover-effect=\"zoom\" data-text-style=\"default\" data-border-radius=\"5px\" data-grid-item-height=\"40vh\" data-grid-spacing=\"10px\" data-text-layout=\"all_top_left\" data-text-color=\"light\" data-text-hover-color=\"light\" data-shadow-hover=\"\" data-animation=\"none\" data-animation-stagger=\"90\" data-cat-click=\"default\" style=\"--post-grid-border-radius:5px;\" ><div class=\"nectar-post-grid-item\" data-post-id=\"6234\" data-has-img=\"true\"> <div class=\"inner\"><div class=\"nectar-post-grid-item-bg-wrap\"><div class=\"nectar-post-grid-item-bg-wrap-inner\"><div class=\"nectar-post-grid-item-bg\"><img loading=\"lazy\" decoding=\"async\" width=\"1024\" height=\"514\" src=\"https:\/\/espacotrans.com\/wp-content\/uploads\/2025\/07\/iStock-503958922-1-1024x514.jpg\" class=\"attachment-large size-large wp-post-image\" alt=\"\" srcset=\"https:\/\/espacotrans.com\/wp-content\/uploads\/2025\/07\/iStock-503958922-1-1024x514.jpg 1024w, https:\/\/espacotrans.com\/wp-content\/uploads\/2025\/07\/iStock-503958922-1-300x151.jpg 300w, https:\/\/espacotrans.com\/wp-content\/uploads\/2025\/07\/iStock-503958922-1-768x386.jpg 768w, https:\/\/espacotrans.com\/wp-content\/uploads\/2025\/07\/iStock-503958922-1-1536x771.jpg 1536w, https:\/\/espacotrans.com\/wp-content\/uploads\/2025\/07\/iStock-503958922-1-670x335.jpg 670w, https:\/\/espacotrans.com\/wp-content\/uploads\/2025\/07\/iStock-503958922-1.jpg 2000w\" sizes=\"auto, (max-width: 1024px) 100vw, 1024px\" \/><\/div><\/div><\/div><div class=\"bg-overlay\" style=\" background-color: #000000;\" data-opacity=\"0.3\" data-hover-opacity=\"0.6\"><\/div><div class=\"content\"><a class=\"nectar-post-grid-link\" href=\"https:\/\/espacotrans.com\/en\/servicos\/transporte-contentores\/\" ><span class=\"screen-reader-text\">Container Transportation<\/span><\/a><div class=\"item-main\"><h3 class=\"post-heading\"><span>Container Transportation<\/span><\/h3><\/div><\/div><\/div><\/div><div class=\"nectar-post-grid-item\" data-post-id=\"6230\" data-has-img=\"true\"> <div class=\"inner\"><div class=\"nectar-post-grid-item-bg-wrap\"><div class=\"nectar-post-grid-item-bg-wrap-inner\"><div class=\"nectar-post-grid-item-bg\"><img loading=\"lazy\" decoding=\"async\" width=\"1024\" height=\"609\" src=\"https:\/\/espacotrans.com\/wp-content\/uploads\/2025\/07\/iStock-1225077798-1-e1753205430810-1024x609.jpg\" class=\"attachment-large size-large wp-post-image\" alt=\"\" srcset=\"https:\/\/espacotrans.com\/wp-content\/uploads\/2025\/07\/iStock-1225077798-1-e1753205430810-1024x609.jpg 1024w, https:\/\/espacotrans.com\/wp-content\/uploads\/2025\/07\/iStock-1225077798-1-e1753205430810-300x179.jpg 300w, https:\/\/espacotrans.com\/wp-content\/uploads\/2025\/07\/iStock-1225077798-1-e1753205430810-768x457.jpg 768w, https:\/\/espacotrans.com\/wp-content\/uploads\/2025\/07\/iStock-1225077798-1-e1753205430810-1536x914.jpg 1536w, https:\/\/espacotrans.com\/wp-content\/uploads\/2025\/07\/iStock-1225077798-1-e1753205430810.jpg 2000w\" sizes=\"auto, (max-width: 1024px) 100vw, 1024px\" \/><\/div><\/div><\/div><div class=\"bg-overlay\" style=\" background-color: #000000;\" data-opacity=\"0.3\" data-hover-opacity=\"0.6\"><\/div><div class=\"content\"><a class=\"nectar-post-grid-link\" href=\"https:\/\/espacotrans.com\/en\/servicos\/preparacao-de-encomendas\/\" ><span class=\"screen-reader-text\">ORDER PREPARATION<\/span><\/a><div class=\"item-main\"><h3 class=\"post-heading\"><span>ORDER PREPARATION<\/span><\/h3><\/div><\/div><\/div><\/div><div class=\"nectar-post-grid-item\" data-post-id=\"6226\" data-has-img=\"true\"> <div class=\"inner\"><div class=\"nectar-post-grid-item-bg-wrap\"><div class=\"nectar-post-grid-item-bg-wrap-inner\"><div class=\"nectar-post-grid-item-bg\"><img loading=\"lazy\" decoding=\"async\" width=\"1024\" height=\"536\" src=\"https:\/\/espacotrans.com\/wp-content\/uploads\/2025\/07\/iStock-2158111617-1-e1753204937856-1024x536.jpg\" class=\"attachment-large size-large wp-post-image\" alt=\"\" srcset=\"https:\/\/espacotrans.com\/wp-content\/uploads\/2025\/07\/iStock-2158111617-1-e1753204937856-1024x536.jpg 1024w, https:\/\/espacotrans.com\/wp-content\/uploads\/2025\/07\/iStock-2158111617-1-e1753204937856-300x157.jpg 300w, https:\/\/espacotrans.com\/wp-content\/uploads\/2025\/07\/iStock-2158111617-1-e1753204937856-768x402.jpg 768w, https:\/\/espacotrans.com\/wp-content\/uploads\/2025\/07\/iStock-2158111617-1-e1753204937856-1536x804.jpg 1536w, https:\/\/espacotrans.com\/wp-content\/uploads\/2025\/07\/iStock-2158111617-1-e1753204937856.jpg 2000w\" sizes=\"auto, (max-width: 1024px) 100vw, 1024px\" \/><\/div><\/div><\/div><div class=\"bg-overlay\" style=\" background-color: #000000;\" data-opacity=\"0.3\" data-hover-opacity=\"0.6\"><\/div><div class=\"content\"><a class=\"nectar-post-grid-link\" href=\"https:\/\/espacotrans.com\/en\/servicos\/gestao-de-stocks\/\" ><span class=\"screen-reader-text\">STOCK MANAGEMENT<\/span><\/a><div class=\"item-main\"><h3 class=\"post-heading\"><span>STOCK MANAGEMENT<\/span><\/h3><\/div><\/div><\/div><\/div><div class=\"nectar-post-grid-item\" data-post-id=\"6223\" data-has-img=\"true\"> <div class=\"inner\"><div class=\"nectar-post-grid-item-bg-wrap\"><div class=\"nectar-post-grid-item-bg-wrap-inner\"><div class=\"nectar-post-grid-item-bg\"><img loading=\"lazy\" decoding=\"async\" width=\"1024\" height=\"539\" src=\"https:\/\/espacotrans.com\/wp-content\/uploads\/2025\/07\/iStock-1299083810-1-e1753204522986-1024x539.jpg\" class=\"attachment-large size-large wp-post-image\" alt=\"\" srcset=\"https:\/\/espacotrans.com\/wp-content\/uploads\/2025\/07\/iStock-1299083810-1-e1753204522986-1024x539.jpg 1024w, https:\/\/espacotrans.com\/wp-content\/uploads\/2025\/07\/iStock-1299083810-1-e1753204522986-300x158.jpg 300w, https:\/\/espacotrans.com\/wp-content\/uploads\/2025\/07\/iStock-1299083810-1-e1753204522986-768x404.jpg 768w, https:\/\/espacotrans.com\/wp-content\/uploads\/2025\/07\/iStock-1299083810-1-e1753204522986-1536x809.jpg 1536w, https:\/\/espacotrans.com\/wp-content\/uploads\/2025\/07\/iStock-1299083810-1-e1753204522986.jpg 2000w\" sizes=\"auto, (max-width: 1024px) 100vw, 1024px\" \/><\/div><\/div><\/div><div class=\"bg-overlay\" style=\" background-color: #000000;\" data-opacity=\"0.3\" data-hover-opacity=\"0.6\"><\/div><div class=\"content\"><a class=\"nectar-post-grid-link\" href=\"https:\/\/espacotrans.com\/en\/servicos\/armazenagem-de-mercadorias\/\" ><span class=\"screen-reader-text\">GOODS STORAGE<\/span><\/a><div class=\"item-main\"><h3 class=\"post-heading\"><span>GOODS STORAGE<\/span><\/h3><\/div><\/div><\/div><\/div><div class=\"nectar-post-grid-item\" data-post-id=\"6221\" data-has-img=\"true\"> <div class=\"inner\"><div class=\"nectar-post-grid-item-bg-wrap\"><div class=\"nectar-post-grid-item-bg-wrap-inner\"><div class=\"nectar-post-grid-item-bg\"><img loading=\"lazy\" decoding=\"async\" width=\"1024\" height=\"702\" src=\"https:\/\/espacotrans.com\/wp-content\/uploads\/2025\/07\/iStock-958158740-1-1024x702.jpg\" class=\"attachment-large size-large wp-post-image\" alt=\"\" srcset=\"https:\/\/espacotrans.com\/wp-content\/uploads\/2025\/07\/iStock-958158740-1-1024x702.jpg 1024w, https:\/\/espacotrans.com\/wp-content\/uploads\/2025\/07\/iStock-958158740-1-300x206.jpg 300w, https:\/\/espacotrans.com\/wp-content\/uploads\/2025\/07\/iStock-958158740-1-768x527.jpg 768w, https:\/\/espacotrans.com\/wp-content\/uploads\/2025\/07\/iStock-958158740-1-1536x1054.jpg 1536w, https:\/\/espacotrans.com\/wp-content\/uploads\/2025\/07\/iStock-958158740-1.jpg 2000w\" sizes=\"auto, (max-width: 1024px) 100vw, 1024px\" \/><\/div><\/div><\/div><div class=\"bg-overlay\" style=\" background-color: #000000;\" data-opacity=\"0.3\" data-hover-opacity=\"0.6\"><\/div><div class=\"content\"><a class=\"nectar-post-grid-link\" href=\"https:\/\/espacotrans.com\/en\/servicos\/peacao-de-veiculos-e-mercadorias\/\" ><span class=\"screen-reader-text\">VEHICLE AND GOODS LASHING<\/span><\/a><div class=\"item-main\"><h3 class=\"post-heading\"><span>VEHICLE AND GOODS LASHING<\/span><\/h3><\/div><\/div><\/div><\/div><div class=\"nectar-post-grid-item\" data-post-id=\"6058\" data-has-img=\"true\"> <div class=\"inner\"><div class=\"nectar-post-grid-item-bg-wrap\"><div class=\"nectar-post-grid-item-bg-wrap-inner\"><div class=\"nectar-post-grid-item-bg\"><img loading=\"lazy\" decoding=\"async\" width=\"320\" height=\"304\" src=\"https:\/\/espacotrans.com\/wp-content\/uploads\/2025\/07\/servicos_1.png\" class=\"attachment-large size-large wp-post-image\" alt=\"\" srcset=\"https:\/\/espacotrans.com\/wp-content\/uploads\/2025\/07\/servicos_1.png 320w, https:\/\/espacotrans.com\/wp-content\/uploads\/2025\/07\/servicos_1-300x285.png 300w\" sizes=\"auto, (max-width: 320px) 100vw, 320px\" \/><\/div><\/div><\/div><div class=\"bg-overlay\" style=\" background-color: #000000;\" data-opacity=\"0.3\" data-hover-opacity=\"0.6\"><\/div><div class=\"content\"><a class=\"nectar-post-grid-link\" href=\"https:\/\/espacotrans.com\/en\/servicos\/carga-e-descarga-de-unidades\/\" ><span class=\"screen-reader-text\">LOADING AND UNLOADING OF UNITS<\/span><\/a><div class=\"item-main\"><h3 class=\"post-heading\"><span>LOADING AND UNLOADING OF UNITS<\/span><\/h3><\/div><\/div><\/div><\/div><\/div><\/div>\n\t\t\t<\/div> \n\t\t<\/div>\n\t<\/div> \n<\/div><\/div>","protected":false},"excerpt":{"rendered":"CARGA E DESCARGA DE UNIDADES Na Espa\u00e7otrans, asseguramos opera\u00e7\u00f5es eficientes e seguras de carga e descarga de cami\u00f5es e contentores, processos fundamentais na cadeia log\u00edstica. Estas opera\u00e7\u00f5es consistem na movimenta\u00e7\u00e3o...","protected":false},"author":1,"featured_media":0,"parent":0,"menu_order":0,"comment_status":"closed","ping_status":"closed","template":"","meta":{"_acf_changed":false,"inline_featured_image":false,"footnotes":""},"class_list":["post-6203","page","type-page","status-publish"],"acf":[],"yoast_head":"<!-- This site is optimized with the Yoast SEO plugin v26.3 - https:\/\/yoast.com\/wordpress\/plugins\/seo\/ -->\n<title>Servi\u00e7os - Espa\u00e7oTrans<\/title>\n<meta name=\"robots\" content=\"index, follow, max-snippet:-1, max-image-preview:large, max-video-preview:-1\" \/>\n<link rel=\"canonical\" href=\"https:\/\/espacotrans.com\/en\/servicos\/\" \/>\n<meta property=\"og:locale\" content=\"en_US\" \/>\n<meta property=\"og:type\" content=\"article\" \/>\n<meta property=\"og:title\" content=\"Servi\u00e7os - Espa\u00e7oTrans\" \/>\n<meta property=\"og:url\" content=\"https:\/\/espacotrans.com\/en\/servicos\/\" \/>\n<meta property=\"og:site_name\" content=\"Espa\u00e7oTrans\" \/>\n<meta property=\"article:modified_time\" content=\"2025-09-30T14:33:57+00:00\" \/>\n<meta name=\"twitter:card\" content=\"summary_large_image\" \/>\n<meta name=\"twitter:label1\" content=\"Est. reading time\" \/>\n\t<meta name=\"twitter:data1\" content=\"1 minute\" \/>\n<script type=\"application\/ld+json\" class=\"yoast-schema-graph\">{\"@context\":\"https:\/\/schema.org\",\"@graph\":[{\"@type\":\"WebPage\",\"@id\":\"https:\/\/espacotrans.com\/servicos\/\",\"url\":\"https:\/\/espacotrans.com\/servicos\/\",\"name\":\"Servi\u00e7os - Espa\u00e7oTrans\",\"isPartOf\":{\"@id\":\"https:\/\/espacotrans.com\/#website\"},\"datePublished\":\"2025-07-18T20:34:17+00:00\",\"dateModified\":\"2025-09-30T14:33:57+00:00\",\"breadcrumb\":{\"@id\":\"https:\/\/espacotrans.com\/servicos\/#breadcrumb\"},\"inLanguage\":\"en-US\",\"potentialAction\":[{\"@type\":\"ReadAction\",\"target\":[\"https:\/\/espacotrans.com\/servicos\/\"]}]},{\"@type\":\"BreadcrumbList\",\"@id\":\"https:\/\/espacotrans.com\/servicos\/#breadcrumb\",\"itemListElement\":[{\"@type\":\"ListItem\",\"position\":1,\"name\":\"In\u00edcio\",\"item\":\"https:\/\/espacotrans.com\/\"},{\"@type\":\"ListItem\",\"position\":2,\"name\":\"Servi\u00e7os\"}]},{\"@type\":\"WebSite\",\"@id\":\"https:\/\/espacotrans.com\/#website\",\"url\":\"https:\/\/espacotrans.com\/\",\"name\":\"Espa\u00e7oTrans\",\"description\":\"\",\"publisher\":{\"@id\":\"https:\/\/espacotrans.com\/#organization\"},\"potentialAction\":[{\"@type\":\"SearchAction\",\"target\":{\"@type\":\"EntryPoint\",\"urlTemplate\":\"https:\/\/espacotrans.com\/?s={search_term_string}\"},\"query-input\":{\"@type\":\"PropertyValueSpecification\",\"valueRequired\":true,\"valueName\":\"search_term_string\"}}],\"inLanguage\":\"en-US\"},{\"@type\":\"Organization\",\"@id\":\"https:\/\/espacotrans.com\/#organization\",\"name\":\"Espa\u00e7oTrans\",\"url\":\"https:\/\/espacotrans.com\/\",\"logo\":{\"@type\":\"ImageObject\",\"inLanguage\":\"en-US\",\"@id\":\"https:\/\/espacotrans.com\/#\/schema\/logo\/image\/\",\"url\":\"https:\/\/espacotrans.com\/wp-content\/uploads\/2025\/07\/logoEspacoTrans.png\",\"contentUrl\":\"https:\/\/espacotrans.com\/wp-content\/uploads\/2025\/07\/logoEspacoTrans.png\",\"width\":796,\"height\":112,\"caption\":\"Espa\u00e7oTrans\"},\"image\":{\"@id\":\"https:\/\/espacotrans.com\/#\/schema\/logo\/image\/\"}}]}<\/script>\n<!-- \/ Yoast SEO plugin. -->","yoast_head_json":{"title":"Servi\u00e7os - Espa\u00e7oTrans","robots":{"index":"index","follow":"follow","max-snippet":"max-snippet:-1","max-image-preview":"max-image-preview:large","max-video-preview":"max-video-preview:-1"},"canonical":"https:\/\/espacotrans.com\/en\/servicos\/","og_locale":"en_US","og_type":"article","og_title":"Servi\u00e7os - Espa\u00e7oTrans","og_url":"https:\/\/espacotrans.com\/en\/servicos\/","og_site_name":"Espa\u00e7oTrans","article_modified_time":"2025-09-30T14:33:57+00:00","twitter_card":"summary_large_image","twitter_misc":{"Est. reading time":"1 minute"},"schema":{"@context":"https:\/\/schema.org","@graph":[{"@type":"WebPage","@id":"https:\/\/espacotrans.com\/servicos\/","url":"https:\/\/espacotrans.com\/servicos\/","name":"Servi\u00e7os - Espa\u00e7oTrans","isPartOf":{"@id":"https:\/\/espacotrans.com\/#website"},"datePublished":"2025-07-18T20:34:17+00:00","dateModified":"2025-09-30T14:33:57+00:00","breadcrumb":{"@id":"https:\/\/espacotrans.com\/servicos\/#breadcrumb"},"inLanguage":"en-US","potentialAction":[{"@type":"ReadAction","target":["https:\/\/espacotrans.com\/servicos\/"]}]},{"@type":"BreadcrumbList","@id":"https:\/\/espacotrans.com\/servicos\/#breadcrumb","itemListElement":[{"@type":"ListItem","position":1,"name":"In\u00edcio","item":"https:\/\/espacotrans.com\/"},{"@type":"ListItem","position":2,"name":"Servi\u00e7os"}]},{"@type":"WebSite","@id":"https:\/\/espacotrans.com\/#website","url":"https:\/\/espacotrans.com\/","name":"Espa\u00e7oTrans","description":"","publisher":{"@id":"https:\/\/espacotrans.com\/#organization"},"potentialAction":[{"@type":"SearchAction","target":{"@type":"EntryPoint","urlTemplate":"https:\/\/espacotrans.com\/?s={search_term_string}"},"query-input":{"@type":"PropertyValueSpecification","valueRequired":true,"valueName":"search_term_string"}}],"inLanguage":"en-US"},{"@type":"Organization","@id":"https:\/\/espacotrans.com\/#organization","name":"Espa\u00e7oTrans","url":"https:\/\/espacotrans.com\/","logo":{"@type":"ImageObject","inLanguage":"en-US","@id":"https:\/\/espacotrans.com\/#\/schema\/logo\/image\/","url":"https:\/\/espacotrans.com\/wp-content\/uploads\/2025\/07\/logoEspacoTrans.png","contentUrl":"https:\/\/espacotrans.com\/wp-content\/uploads\/2025\/07\/logoEspacoTrans.png","width":796,"height":112,"caption":"Espa\u00e7oTrans"},"image":{"@id":"https:\/\/espacotrans.com\/#\/schema\/logo\/image\/"}}]}},"_links":{"self":[{"href":"https:\/\/espacotrans.com\/en\/wp-json\/wp\/v2\/pages\/6203","targetHints":{"allow":["GET"]}}],"collection":[{"href":"https:\/\/espacotrans.com\/en\/wp-json\/wp\/v2\/pages"}],"about":[{"href":"https:\/\/espacotrans.com\/en\/wp-json\/wp\/v2\/types\/page"}],"author":[{"embeddable":true,"href":"https:\/\/espacotrans.com\/en\/wp-json\/wp\/v2\/users\/1"}],"replies":[{"embeddable":true,"href":"https:\/\/espacotrans.com\/en\/wp-json\/wp\/v2\/comments?post=6203"}],"version-history":[{"count":8,"href":"https:\/\/espacotrans.com\/en\/wp-json\/wp\/v2\/pages\/6203\/revisions"}],"predecessor-version":[{"id":6438,"href":"https:\/\/espacotrans.com\/en\/wp-json\/wp\/v2\/pages\/6203\/revisions\/6438"}],"wp:attachment":[{"href":"https:\/\/espacotrans.com\/en\/wp-json\/wp\/v2\/media?parent=6203"}],"curies":[{"name":"wp","href":"https:\/\/api.w.org\/{rel}","templated":true}]}}