{"id":6237,"date":"2025-07-22T18:09:55","date_gmt":"2025-07-22T18:09:55","guid":{"rendered":"https:\/\/espacotrans-preview.bycodelinea.com\/?page_id=6237"},"modified":"2025-07-22T18:09:55","modified_gmt":"2025-07-22T18:09:55","slug":"aviso-legal","status":"publish","type":"page","link":"https:\/\/espacotrans.com\/en\/aviso-legal\/","title":{"rendered":"Legal Notice"},"content":{"rendered":"<div id=\"fws_69e750315dea0\"  data-column-margin=\"default\" data-midnight=\"dark\" data-top-percent=\"4%\" data-bottom-percent=\"6%\"  class=\"wpb_row vc_row-fluid vc_row  right_padding_5pct left_padding_5pct\"  style=\"padding-top: calc(100vw * 0.04); padding-bottom: calc(100vw * 0.06); \"><div class=\"row-bg-wrap\" data-bg-animation=\"none\" data-bg-animation-delay=\"\" data-bg-overlay=\"false\"><div class=\"inner-wrap row-bg-layer\" ><div class=\"row-bg viewport-desktop\"  style=\"\"><\/div><\/div><\/div><div class=\"row_col_wrap_12 col span_12 dark left\">\n\t<div  class=\"vc_col-sm-12 wpb_column column_container vc_column_container col no-extra-padding inherit_tablet inherit_phone\"  data-padding-pos=\"all\" data-has-bg-color=\"false\" data-bg-color=\"\" data-bg-opacity=\"1\" data-animation=\"\" data-delay=\"0\" >\n\t\t<div class=\"vc_column-inner\" >\n\t\t\t<div class=\"wpb_wrapper\">\n\t\t\t\t\n<div class=\"wpb_text_column wpb_content_element  wpb_animate_when_almost_visible wpb_fadeIn fadeIn\" >\n\t<div class=\"wpb_wrapper\">\n\t\t<h2><span style=\"color: #f78400;\">Legal<\/span><br \/>\n<span style=\"color: #f78400;\"><strong>Notice<\/strong><\/span><\/h2>\n\t<\/div>\n<\/div>\n\n\n\n<div class=\"divider-wrap\" data-alignment=\"default\"><div style=\"margin-top: 12.5px; width: 80px; height: 6px; margin-bottom: 12.5px;\" data-width=\"80px\" data-animate=\"yes\" data-animation-delay=\"\" data-color=\"accent-color\" class=\"divider-small-border\"><\/div><\/div><div class=\"divider-wrap\" data-alignment=\"default\"><div style=\"height: 50px;\" class=\"divider\"><\/div><\/div>\n<div class=\"wpb_text_column wpb_content_element\" >\n\t<div class=\"wpb_wrapper\">\n\t\t<p><strong>Privacy Policy<\/strong><\/p>\n<p>By virtue of REGULATION (EU) 2016\/679 OF THE EUROPEAN PARLIAMENT AND OF THE COUNCIL of 27 April 2016 on the protection of natural persons with regard to the processing of personal data, we inform you that the personal data, voluntarily collected in the form on this website, are authorized to be included in a file owned by Espa\u00e7otrans \u2013 Gest\u00e3o de Entrepostos Aduaneiros, Lda., hereinafter referred to as Espa\u00e7otrans.<\/p>\n<p>Espa\u00e7otrans fulfills the duty of archiving and protecting personal data and its confidential processing, assuming, for these purposes, the necessary technical, organizational, and security measures to prevent alteration, loss, or unauthorized processing or access. Espa\u00e7otrans holds no liability if the information provided by users of the website <a href=\"https:\/\/espacotrans.com\/en\/\">www.espacotrans.com<\/a>is incomplete, non-compliant, or false. Espa\u00e7otrans undertakes not to transfer, sell, or share the data with third parties without your express approval.<\/p>\n<p>You may exercise your rights of access, rectification, cancellation, limitation, portability, opposition, or the right not to be subject to a decision based solely on automated processing, as provided for in the aforementioned regulation. These requests must be made by postal mail to LS \u2013 Gest\u00e3o Empresarial e Imobili\u00e1ria, S.A.| Att. Compliance Dep\u00ba | Moninhos, Apartado 41, 2671-951 Loures, Portugal, or via the email address\u00a0<a href=\"mailto:etica@luis-simoes.com\">etica@luis-simoes.com<\/a>.<\/p>\n\t<\/div>\n<\/div>\n\n\n\n<div class=\"divider-wrap\" data-alignment=\"default\"><div style=\"height: 50px;\" class=\"divider\"><\/div><\/div>\n<div class=\"wpb_text_column wpb_content_element\" >\n\t<div class=\"wpb_wrapper\">\n\t\t<p><strong>Who is responsible for processing your data?<\/strong><br \/>\nEspa\u00e7otrans &#8211; Gest\u00e3o de Entrepostos Aduaneiros, Lda.<\/p>\n<p><strong>For what purpose do we process your personal data?<\/strong><br \/>\nThe information you provide\/authorize is for the purpose of being contacted for commercial purposes.<\/p>\n<p><strong>For how long do we keep your data?<\/strong><br \/>\nThe personal data provided with your consent will be kept indefinitely until you revoke your consent.<\/p>\n<p><strong>What is the legal basis for processing your data?<\/strong><br \/>\nThe legal basis for processing your data is your freely given consent.<\/p>\n<p><strong>To which recipients will your data be communicated?<\/strong><br \/>\nNo data will be transferred to third parties, except under legal obligation or with prior authorization.<\/p>\n<p><strong>What are your rights when you provide us with your data?<\/strong><br \/>\nYou have the right to lodge a complaint with a Supervisory Authority, to withdraw your consent, access, rectify, erase, and port your data, to limit and\/or oppose its processing, as well as not to be subject to decisions based solely on the automated processing of your data.<\/p>\n<p><strong>What data must you provide?<\/strong><br \/>\nThe form fields marked as mandatory must be filled in.<\/p>\n<p><strong>International data transfer<\/strong><br \/>\nThere is no international transfer of data.<\/p>\n\t<\/div>\n<\/div>\n\n\n\n\n\t\t\t<\/div> \n\t\t<\/div>\n\t<\/div> \n<\/div><\/div>","protected":false},"excerpt":{"rendered":"Aviso Legal Pol\u00edtica de Privacidade Em virtude do REGULAMENTO (UE) 2016\/679 DO PARLAMENTO EUROPEU E DO CONSELHO de 27 de abril de 2016 relativos \u00e0 prote\u00e7\u00e3o das pessoas singulares no...","protected":false},"author":1,"featured_media":0,"parent":0,"menu_order":0,"comment_status":"closed","ping_status":"closed","template":"","meta":{"_acf_changed":false,"inline_featured_image":false,"footnotes":""},"class_list":["post-6237","page","type-page","status-publish"],"acf":[],"yoast_head":"<!-- This site is optimized with the Yoast SEO plugin v26.3 - https:\/\/yoast.com\/wordpress\/plugins\/seo\/ -->\n<title>Aviso Legal - Espa\u00e7oTrans<\/title>\n<meta name=\"robots\" content=\"index, follow, max-snippet:-1, max-image-preview:large, max-video-preview:-1\" \/>\n<link rel=\"canonical\" href=\"https:\/\/espacotrans.com\/en\/aviso-legal\/\" \/>\n<meta property=\"og:locale\" content=\"en_US\" \/>\n<meta property=\"og:type\" content=\"article\" \/>\n<meta property=\"og:title\" content=\"Aviso Legal - Espa\u00e7oTrans\" \/>\n<meta property=\"og:url\" content=\"https:\/\/espacotrans.com\/en\/aviso-legal\/\" \/>\n<meta property=\"og:site_name\" content=\"Espa\u00e7oTrans\" \/>\n<meta name=\"twitter:card\" content=\"summary_large_image\" \/>\n<meta name=\"twitter:label1\" content=\"Est. reading time\" \/>\n\t<meta name=\"twitter:data1\" content=\"4 minutes\" \/>\n<script type=\"application\/ld+json\" class=\"yoast-schema-graph\">{\"@context\":\"https:\/\/schema.org\",\"@graph\":[{\"@type\":\"WebPage\",\"@id\":\"https:\/\/espacotrans.com\/aviso-legal\/\",\"url\":\"https:\/\/espacotrans.com\/aviso-legal\/\",\"name\":\"Aviso Legal - Espa\u00e7oTrans\",\"isPartOf\":{\"@id\":\"https:\/\/espacotrans.com\/#website\"},\"datePublished\":\"2025-07-22T18:09:55+00:00\",\"breadcrumb\":{\"@id\":\"https:\/\/espacotrans.com\/aviso-legal\/#breadcrumb\"},\"inLanguage\":\"en-US\",\"potentialAction\":[{\"@type\":\"ReadAction\",\"target\":[\"https:\/\/espacotrans.com\/aviso-legal\/\"]}]},{\"@type\":\"BreadcrumbList\",\"@id\":\"https:\/\/espacotrans.com\/aviso-legal\/#breadcrumb\",\"itemListElement\":[{\"@type\":\"ListItem\",\"position\":1,\"name\":\"In\u00edcio\",\"item\":\"https:\/\/espacotrans.com\/\"},{\"@type\":\"ListItem\",\"position\":2,\"name\":\"Aviso Legal\"}]},{\"@type\":\"WebSite\",\"@id\":\"https:\/\/espacotrans.com\/#website\",\"url\":\"https:\/\/espacotrans.com\/\",\"name\":\"Espa\u00e7oTrans\",\"description\":\"\",\"publisher\":{\"@id\":\"https:\/\/espacotrans.com\/#organization\"},\"potentialAction\":[{\"@type\":\"SearchAction\",\"target\":{\"@type\":\"EntryPoint\",\"urlTemplate\":\"https:\/\/espacotrans.com\/?s={search_term_string}\"},\"query-input\":{\"@type\":\"PropertyValueSpecification\",\"valueRequired\":true,\"valueName\":\"search_term_string\"}}],\"inLanguage\":\"en-US\"},{\"@type\":\"Organization\",\"@id\":\"https:\/\/espacotrans.com\/#organization\",\"name\":\"Espa\u00e7oTrans\",\"url\":\"https:\/\/espacotrans.com\/\",\"logo\":{\"@type\":\"ImageObject\",\"inLanguage\":\"en-US\",\"@id\":\"https:\/\/espacotrans.com\/#\/schema\/logo\/image\/\",\"url\":\"https:\/\/espacotrans.com\/wp-content\/uploads\/2025\/07\/logoEspacoTrans.png\",\"contentUrl\":\"https:\/\/espacotrans.com\/wp-content\/uploads\/2025\/07\/logoEspacoTrans.png\",\"width\":796,\"height\":112,\"caption\":\"Espa\u00e7oTrans\"},\"image\":{\"@id\":\"https:\/\/espacotrans.com\/#\/schema\/logo\/image\/\"}}]}<\/script>\n<!-- \/ Yoast SEO plugin. -->","yoast_head_json":{"title":"Aviso Legal - Espa\u00e7oTrans","robots":{"index":"index","follow":"follow","max-snippet":"max-snippet:-1","max-image-preview":"max-image-preview:large","max-video-preview":"max-video-preview:-1"},"canonical":"https:\/\/espacotrans.com\/en\/aviso-legal\/","og_locale":"en_US","og_type":"article","og_title":"Aviso Legal - Espa\u00e7oTrans","og_url":"https:\/\/espacotrans.com\/en\/aviso-legal\/","og_site_name":"Espa\u00e7oTrans","twitter_card":"summary_large_image","twitter_misc":{"Est. reading time":"4 minutes"},"schema":{"@context":"https:\/\/schema.org","@graph":[{"@type":"WebPage","@id":"https:\/\/espacotrans.com\/aviso-legal\/","url":"https:\/\/espacotrans.com\/aviso-legal\/","name":"Aviso Legal - Espa\u00e7oTrans","isPartOf":{"@id":"https:\/\/espacotrans.com\/#website"},"datePublished":"2025-07-22T18:09:55+00:00","breadcrumb":{"@id":"https:\/\/espacotrans.com\/aviso-legal\/#breadcrumb"},"inLanguage":"en-US","potentialAction":[{"@type":"ReadAction","target":["https:\/\/espacotrans.com\/aviso-legal\/"]}]},{"@type":"BreadcrumbList","@id":"https:\/\/espacotrans.com\/aviso-legal\/#breadcrumb","itemListElement":[{"@type":"ListItem","position":1,"name":"In\u00edcio","item":"https:\/\/espacotrans.com\/"},{"@type":"ListItem","position":2,"name":"Aviso Legal"}]},{"@type":"WebSite","@id":"https:\/\/espacotrans.com\/#website","url":"https:\/\/espacotrans.com\/","name":"Espa\u00e7oTrans","description":"","publisher":{"@id":"https:\/\/espacotrans.com\/#organization"},"potentialAction":[{"@type":"SearchAction","target":{"@type":"EntryPoint","urlTemplate":"https:\/\/espacotrans.com\/?s={search_term_string}"},"query-input":{"@type":"PropertyValueSpecification","valueRequired":true,"valueName":"search_term_string"}}],"inLanguage":"en-US"},{"@type":"Organization","@id":"https:\/\/espacotrans.com\/#organization","name":"Espa\u00e7oTrans","url":"https:\/\/espacotrans.com\/","logo":{"@type":"ImageObject","inLanguage":"en-US","@id":"https:\/\/espacotrans.com\/#\/schema\/logo\/image\/","url":"https:\/\/espacotrans.com\/wp-content\/uploads\/2025\/07\/logoEspacoTrans.png","contentUrl":"https:\/\/espacotrans.com\/wp-content\/uploads\/2025\/07\/logoEspacoTrans.png","width":796,"height":112,"caption":"Espa\u00e7oTrans"},"image":{"@id":"https:\/\/espacotrans.com\/#\/schema\/logo\/image\/"}}]}},"_links":{"self":[{"href":"https:\/\/espacotrans.com\/en\/wp-json\/wp\/v2\/pages\/6237","targetHints":{"allow":["GET"]}}],"collection":[{"href":"https:\/\/espacotrans.com\/en\/wp-json\/wp\/v2\/pages"}],"about":[{"href":"https:\/\/espacotrans.com\/en\/wp-json\/wp\/v2\/types\/page"}],"author":[{"embeddable":true,"href":"https:\/\/espacotrans.com\/en\/wp-json\/wp\/v2\/users\/1"}],"replies":[{"embeddable":true,"href":"https:\/\/espacotrans.com\/en\/wp-json\/wp\/v2\/comments?post=6237"}],"version-history":[{"count":5,"href":"https:\/\/espacotrans.com\/en\/wp-json\/wp\/v2\/pages\/6237\/revisions"}],"predecessor-version":[{"id":6242,"href":"https:\/\/espacotrans.com\/en\/wp-json\/wp\/v2\/pages\/6237\/revisions\/6242"}],"wp:attachment":[{"href":"https:\/\/espacotrans.com\/en\/wp-json\/wp\/v2\/media?parent=6237"}],"curies":[{"name":"wp","href":"https:\/\/api.w.org\/{rel}","templated":true}]}}