{"id":6381,"date":"2025-09-05T11:39:04","date_gmt":"2025-09-05T11:39:04","guid":{"rendered":"https:\/\/espacotrans-preview.bycodelinea.com\/?page_id=6381"},"modified":"2026-04-14T10:12:13","modified_gmt":"2026-04-14T10:12:13","slug":"equipamentos","status":"publish","type":"page","link":"https:\/\/espacotrans.com\/en\/equipamentos\/","title":{"rendered":"EQUIPMENTS"},"content":{"rendered":"<div id=\"fws_69e4bf9041950\"  data-column-margin=\"default\" data-midnight=\"light\" data-top-percent=\"5%\" data-bottom-percent=\"5%\"  class=\"wpb_row vc_row-fluid vc_row full-width-section vc_row-o-equal-height vc_row-flex vc_row-o-content-middle\"  style=\"padding-top: calc(100vw * 0.05); padding-bottom: calc(100vw * 0.05); \"><div class=\"row-bg-wrap\" data-bg-animation=\"zoom-out-slow\" data-bg-animation-delay=\"\" data-bg-overlay=\"false\"><div class=\"inner-wrap row-bg-layer using-image\" ><div class=\"row-bg viewport-desktop using-image\"  style=\"background-image: url(https:\/\/espacotrans.com\/wp-content\/uploads\/2025\/07\/home-scaled.jpg); background-position: left top; background-repeat: no-repeat; \"><\/div><\/div><\/div><div class=\"row_col_wrap_12 col span_12 light left\">\n\t<div  class=\"vc_col-sm-6 wpb_column column_container vc_column_container col padding-5-percent inherit_tablet inherit_phone\"  data-padding-pos=\"all\" data-has-bg-color=\"false\" data-bg-color=\"\" data-bg-opacity=\"1\" data-animation=\"\" data-delay=\"0\" >\n\t\t<div class=\"vc_column-inner\" >\n\t\t\t<div class=\"wpb_wrapper\">\n\t\t\t\t\n<div class=\"wpb_text_column wpb_content_element  wpb_animate_when_almost_visible wpb_fadeInUp fadeInUp\" style=\" max-width: 400px; display: inline-block;\">\n\t<div class=\"wpb_wrapper\">\n\t\t<h2><strong>EQUIPMENTS<\/strong><\/h2>\n\t<\/div>\n<\/div>\n\n\n\n\n\t\t\t<\/div> \n\t\t<\/div>\n\t<\/div> \n\n\t<div  class=\"vc_col-sm-6 wpb_column column_container vc_column_container col padding-5-percent inherit_tablet inherit_phone\"  data-padding-pos=\"all\" data-has-bg-color=\"false\" data-bg-color=\"\" data-bg-opacity=\"1\" data-animation=\"\" data-delay=\"0\" >\n\t\t<div class=\"vc_column-inner\" >\n\t\t\t<div class=\"wpb_wrapper\">\n\t\t\t\t\n\t\t\t<\/div> \n\t\t<\/div>\n\t<\/div> \n<\/div><\/div>\n\t\t<div id=\"fws_69e4bf9043222\"  data-column-margin=\"none\" data-midnight=\"dark\"  class=\"wpb_row vc_row-fluid vc_row full-width-content vc_row-o-equal-height vc_row-flex vc_row-o-content-top divisorElement\"  style=\"padding-top: 0px; padding-bottom: 0px; \"><div class=\"row-bg-wrap\" data-bg-animation=\"none\" data-bg-animation-delay=\"\" data-bg-overlay=\"false\"><div class=\"inner-wrap row-bg-layer\" ><div class=\"row-bg viewport-desktop\"  style=\"\"><\/div><\/div><\/div><div class=\"row_col_wrap_12 col span_12 dark left\">\n\t<div  class=\"vc_col-sm-12 wpb_column column_container vc_column_container col no-extra-padding inherit_tablet inherit_phone\"  data-padding-pos=\"all\" data-has-bg-color=\"false\" data-bg-color=\"\" data-bg-opacity=\"1\" data-animation=\"\" data-delay=\"0\" >\n\t\t<div class=\"vc_column-inner\" >\n\t\t\t<div class=\"wpb_wrapper\">\n\t\t\t\t<div class=\"divider-wrap\" data-alignment=\"default\"><div style=\"margin-top: 12.5px; height: 4px; margin-bottom: 12.5px;\" data-width=\"100%\" data-animate=\"\" data-animation-delay=\"\" data-color=\"accent-color\" class=\"divider-border\"><\/div><\/div>\n\t\t\t<\/div> \n\t\t<\/div>\n\t<\/div> \n<\/div><\/div>\n\t\t<div id=\"fws_69e4bf9044172\"  data-column-margin=\"default\" data-midnight=\"dark\" data-top-percent=\"6%\" data-bottom-percent=\"6%\"  class=\"wpb_row vc_row-fluid vc_row tabsEquipamentos right_padding_5pct left_padding_5pct top_padding_phone_15pct bottom_padding_phone_15pct\"  style=\"padding-top: calc(100vw * 0.06); padding-bottom: calc(100vw * 0.06); \"><div class=\"row-bg-wrap\" data-bg-animation=\"none\" data-bg-animation-delay=\"\" data-bg-overlay=\"false\"><div class=\"inner-wrap row-bg-layer\" ><div class=\"row-bg viewport-desktop\"  style=\"\"><\/div><\/div><\/div><div class=\"row_col_wrap_12 col span_12 dark left\">\n\t<div  class=\"vc_col-sm-12 wpb_column column_container vc_column_container col no-extra-padding inherit_tablet inherit_phone\"  data-padding-pos=\"all\" data-has-bg-color=\"false\" data-bg-color=\"\" data-bg-opacity=\"1\" data-animation=\"\" data-delay=\"0\" >\n\t\t<div class=\"vc_column-inner\" >\n\t\t\t<div class=\"wpb_wrapper\">\n\t\t\t\t\n<div class=\"wpb_text_column wpb_content_element  wpb_animate_when_almost_visible wpb_fadeIn fadeIn\" >\n\t<div class=\"wpb_wrapper\">\n\t\t<h2><span style=\"color: #f78400;\">OUR<\/span><br \/>\n<span style=\"color: #f78400;\"><strong>EQUIPMENT<\/strong><\/span><\/h2>\n\t<\/div>\n<\/div>\n\n\n\n<div class=\"divider-wrap\" data-alignment=\"default\"><div style=\"margin-top: 12.5px; width: 80px; height: 6px; margin-bottom: 12.5px;\" data-width=\"80px\" data-animate=\"yes\" data-animation-delay=\"\" data-color=\"accent-color\" class=\"divider-small-border\"><\/div><\/div><div class=\"divider-wrap height_phone_15px\" data-alignment=\"default\"><div style=\"height: 50px;\" class=\"divider\"><\/div><\/div><div class=\"nectar-scrolling-tabs  tabsEquipamentos\" data-m-display=\"visible\" data-nav-tag=\"h4\" data-tab-spacing=\"0%\" data-navigation-width=\"narrow\" data-color-scheme=\"accent-color\"><div class=\"scrolling-tab-nav\"><div class=\"line\"><\/div><ul class=\"wpb_tabs_nav ui-tabs-nav\" data-spacing=\"15px\"><li class=\"menu-item active-tab\"><div class=\"menu-content\"><h4 class=\"tab-nav-heading nectar-bg-pseudo-accent-color\"><a class=\"skip-hash\" href=\"#tab_69e4bf90454a9\"><span>OVERHEAD CRANE<\/span><\/a><\/h4><\/div><\/li><li class=\"menu-item\"><div class=\"menu-content\"><h4 class=\"tab-nav-heading nectar-bg-pseudo-accent-color\"><a class=\"skip-hash\" href=\"#tab_69e4bf90454b3\"><span>FORKLIFT<\/span><\/a><\/h4><\/div><\/li><li class=\"menu-item\"><div class=\"menu-content\"><h4 class=\"tab-nav-heading nectar-bg-pseudo-accent-color\"><a class=\"skip-hash\" href=\"#tab_69e4bf90454b7\"><span>PAPER ROLL CLAMP<\/span><\/a><\/h4><\/div><\/li><li class=\"menu-item\"><div class=\"menu-content\"><h4 class=\"tab-nav-heading nectar-bg-pseudo-accent-color\"><a class=\"skip-hash\" href=\"#tab_69e4bf90454bb\"><span>DRUM GRIPPERS<\/span><\/a><\/h4><\/div><\/li><li class=\"menu-item\"><div class=\"menu-content\"><h4 class=\"tab-nav-heading nectar-bg-pseudo-accent-color\"><a class=\"skip-hash\" href=\"#tab_69e4bf90454be\"><span>R\u00e1dio Shuttle<\/span><\/a><\/h4><\/div><\/li><\/ul><\/div><div class=\"scrolling-tab-content\">\n\t\t\t<div id=\"tab-ponte-rolante\" data-tab-icon=\"\" class=\"wpb_tab ui-tabs-panel wpb_ui-tabs-hide clearfix\">\n\t\t\t\t\n<div class=\"wpb_text_column wpb_content_element  wpb_animate_when_almost_visible wpb_fadeIn fadeIn\" >\n\t<div class=\"wpb_wrapper\">\n\t\t<p><span style=\"font-size: 14pt;\"><strong><span style=\"color: #f78400;\">Overhead Cranes:<\/span><\/strong><\/span><br \/>\n<span style=\"color: #f78400; font-size: 14pt;\">Power and Precision<\/span><\/p>\n\t<\/div>\n<\/div>\n\n\n\n\n<div class=\"wpb_text_column wpb_content_element\" >\n\t<div class=\"wpb_wrapper\">\n\t\t<p>At the Leix\u00f5es platform, Espa\u00e7otrans has <strong>two overhead cranes<\/strong>, optimizing loading and unloading operations in demanding logistics environments.<\/p>\n<p>It allows synchronized lifting of up to 30 tons, with integrated radio control for complete control by a single operator.<\/p>\n<p>Smooth movements, adjustable speeds, and a comprehensive safety system ensure efficient and reliable operations.<\/p>\n\t<\/div>\n<\/div>\n\n\n\n<div class=\"divider-wrap\" data-alignment=\"default\"><div style=\"height: 25px;\" class=\"divider\"><\/div><\/div><div id=\"fws_69e4bf9046645\" data-midnight=\"\" data-column-margin=\"default\" class=\"wpb_row vc_row-fluid vc_row inner_row infoTecnicasEquipamentos right_padding_5pct left_padding_5pct\"  style=\"padding-top: 5%; padding-bottom: 8%; \"><div class=\"row-bg-wrap\"> <div class=\"row-bg\" ><\/div> <\/div><div class=\"row_col_wrap_12_inner col span_12  left\">\n\t<div  class=\"vc_col-sm-4 wpb_column column_container vc_column_container col child_column no-extra-padding inherit_tablet inherit_phone\"   data-padding-pos=\"all\" data-has-bg-color=\"false\" data-bg-color=\"\" data-bg-opacity=\"1\" data-animation=\"\" data-delay=\"0\" >\n\t\t<div class=\"vc_column-inner\" >\n\t\t<div class=\"wpb_wrapper\">\n\t\t\t\n<div class=\"wpb_text_column wpb_content_element\" >\n\t<div class=\"wpb_wrapper\">\n\t\t<p><span style=\"color: #f78400;\"><strong>Overhead Cranes:<\/strong><\/span><\/p>\n\t<\/div>\n<\/div>\n\n\n\n\n\t\t<\/div> \n\t<\/div>\n\t<\/div> \n\n\t<div  class=\"vc_col-sm-8 wpb_column column_container vc_column_container col child_column no-extra-padding inherit_tablet inherit_phone\"   data-padding-pos=\"all\" data-has-bg-color=\"false\" data-bg-color=\"\" data-bg-opacity=\"1\" data-animation=\"\" data-delay=\"0\" >\n\t\t<div class=\"vc_column-inner\" >\n\t\t<div class=\"wpb_wrapper\">\n\t\t\t\n<div class=\"wpb_text_column wpb_content_element  vc_custom_1757068998210\" >\n\t<div class=\"wpb_wrapper\">\n\t\t<p><span style=\"font-size: 10pt;\"><strong>CAPACITY: <\/strong><\/span><\/p>\n\t<\/div>\n<\/div>\n\n\n\n\n<div class=\"wpb_text_column wpb_content_element\" >\n\t<div class=\"wpb_wrapper\">\n\t\t<ul>\n<li><span style=\"font-size: 10pt;\"><strong>Two cranes<\/strong> with individual capacity of <strong>15 tons<\/strong><\/span><\/li>\n<li><span style=\"font-size: 10pt;\">Simultaneous lifting of up to 30 tons<\/span><\/li>\n<\/ul>\n\t<\/div>\n<\/div>\n\n\n\n\n\t\t<\/div> \n\t<\/div>\n\t<\/div> \n<\/div><\/div><div class=\"divider-wrap\" data-alignment=\"default\"><div style=\"height: 25px;\" class=\"divider\"><\/div><\/div>\n\t\t\t<\/div> \n\t\t\t<div id=\"tab-empilhador-frontal\" data-tab-icon=\"\" class=\"wpb_tab ui-tabs-panel wpb_ui-tabs-hide clearfix\">\n\t\t\t\t\n<div class=\"wpb_text_column wpb_content_element  wpb_animate_when_almost_visible wpb_fadeIn fadeIn\" >\n\t<div class=\"wpb_wrapper\">\n\t\t<p><span style=\"font-size: 14pt;\"><strong><span style=\"color: #f78400;\">Front-end Forklifts: <\/span><\/strong><\/span><br \/>\n<span style=\"color: #f78400; font-size: 14pt;\">Agility and Precision in Moving Loads<\/span><\/p>\n\t<\/div>\n<\/div>\n\n\n\n\n<div class=\"wpb_text_column wpb_content_element\" >\n\t<div class=\"wpb_wrapper\">\n\t\t<p>Forklifts ensure fast and safe movement of palletized loads. Perfect for loading, unloading, and organizing with precision\u2014even in confined spaces.<\/p>\n\t<\/div>\n<\/div>\n\n\n\n<div class=\"divider-wrap\" data-alignment=\"default\"><div style=\"height: 25px;\" class=\"divider\"><\/div><\/div><div id=\"fws_69e4bf9048cac\" data-midnight=\"\" data-column-margin=\"default\" class=\"wpb_row vc_row-fluid vc_row inner_row infoTecnicasEquipamentos right_padding_5pct left_padding_5pct\"  style=\"padding-top: 5%; padding-bottom: 8%; \"><div class=\"row-bg-wrap\"> <div class=\"row-bg\" ><\/div> <\/div><div class=\"row_col_wrap_12_inner col span_12  left\">\n\t<div  class=\"vc_col-sm-4 wpb_column column_container vc_column_container col child_column no-extra-padding inherit_tablet inherit_phone\"   data-padding-pos=\"all\" data-has-bg-color=\"false\" data-bg-color=\"\" data-bg-opacity=\"1\" data-animation=\"\" data-delay=\"0\" >\n\t\t<div class=\"vc_column-inner\" >\n\t\t<div class=\"wpb_wrapper\">\n\t\t\t\n<div class=\"wpb_text_column wpb_content_element\" >\n\t<div class=\"wpb_wrapper\">\n\t\t<p><span style=\"color: #f78400;\"><strong>Front-end Forklift:<\/strong><\/span><\/p>\n\t<\/div>\n<\/div>\n\n\n\n\n\t\t<\/div> \n\t<\/div>\n\t<\/div> \n\n\t<div  class=\"vc_col-sm-8 wpb_column column_container vc_column_container col child_column no-extra-padding inherit_tablet inherit_phone\"   data-padding-pos=\"all\" data-has-bg-color=\"false\" data-bg-color=\"\" data-bg-opacity=\"1\" data-animation=\"\" data-delay=\"0\" >\n\t\t<div class=\"vc_column-inner\" >\n\t\t<div class=\"wpb_wrapper\">\n\t\t\t\n<div class=\"wpb_text_column wpb_content_element  vc_custom_1757069354046\" >\n\t<div class=\"wpb_wrapper\">\n\t\t<p><span style=\"font-size: 10pt;\"><strong>LOAD CAPACITY:\u00a0<\/strong><\/span><\/p>\n\t<\/div>\n<\/div>\n\n\n\n\n<div class=\"wpb_text_column wpb_content_element\" >\n\t<div class=\"wpb_wrapper\">\n\t\t<p><span style=\"font-size: 10pt;\">1 500 kg \/ 3000 kg \/ 4500 kg<\/span><\/p>\n\t<\/div>\n<\/div>\n\n\n\n\n\t\t<\/div> \n\t<\/div>\n\t<\/div> \n<\/div><\/div><div class=\"divider-wrap\" data-alignment=\"default\"><div style=\"height: 25px;\" class=\"divider\"><\/div><\/div>\n\t\t\t<\/div> \n\t\t\t<div id=\"tab-pinca-para-bobines-de-papel\" data-tab-icon=\"\" class=\"wpb_tab ui-tabs-panel wpb_ui-tabs-hide clearfix\">\n\t\t\t\t\n<div class=\"wpb_text_column wpb_content_element  wpb_animate_when_almost_visible wpb_fadeIn fadeIn\" >\n\t<div class=\"wpb_wrapper\">\n\t\t<p><span style=\"font-size: 14pt;\"><strong><span style=\"color: #f78400;\">Paper Roll Clamps:<br \/>\n<\/span><\/strong><span style=\"color: #f78400;\">Precision Handling of Special Loads\u00a0<\/span><strong><span style=\"color: #f78400;\"><br \/>\n<\/span><\/strong><\/span><\/p>\n\t<\/div>\n<\/div>\n\n\n\n\n<div class=\"wpb_text_column wpb_content_element\" >\n\t<div class=\"wpb_wrapper\">\n\t\t<p>With 360\u00b0 rotation and adjustable arms, these paper roll clamps ensure the safe and efficient transport of cylindrical loads.<\/p>\n<p>They reduce damage, increase stability, and improve productivity in demanding logistics environments.<\/p>\n\t<\/div>\n<\/div>\n\n\n\n<div class=\"divider-wrap\" data-alignment=\"default\"><div style=\"height: 25px;\" class=\"divider\"><\/div><\/div>\n\t\t\t<\/div> \n\t\t\t<div id=\"tab-garras-para-movimentacao-de-bidons\" data-tab-icon=\"\" class=\"wpb_tab ui-tabs-panel wpb_ui-tabs-hide clearfix\">\n\t\t\t\t\n<div class=\"wpb_text_column wpb_content_element  wpb_animate_when_almost_visible wpb_fadeIn fadeIn\" >\n\t<div class=\"wpb_wrapper\">\n\t\t<p><span style=\"font-size: 14pt;\"><span style=\"color: #f78400;\"><strong>Drum Grippers:<\/strong><br \/>\nA Safe and Efficient Solution for Special Loads<\/span><strong><span style=\"color: #f78400;\"><br \/>\n<\/span><\/strong><\/span><\/p>\n\t<\/div>\n<\/div>\n\n\n\n\n<div class=\"wpb_text_column wpb_content_element\" >\n\t<div class=\"wpb_wrapper\">\n\t\t<p>Drum grippers are robust forklift attachments designed to lift, transport, and stack drums safely. Capable of handling drums in both vertical and horizontal positions, they ensure stability throughout the entire movement, even in demanding environments.<br \/>\nIdeal for industrial and logistics operations, these grippers:<\/p>\n<ul>\n<li>Ensure safe handling of metal or plastic drums;<\/li>\n<li>Reduce the risk of spills or damage;<\/li>\n<li>Increase operational efficiency in confined spaces.<\/li>\n<\/ul>\n<p>Espa\u00e7otrans has several pieces of this equipment in both of its warehouses, allowing us to quickly and reliably meet our customers' needs.<\/p>\n<p>Precision, safety, and reliability\u2014that's how we drive your business.<\/p>\n\t<\/div>\n<\/div>\n\n\n\n<div class=\"divider-wrap\" data-alignment=\"default\"><div style=\"height: 25px;\" class=\"divider\"><\/div><\/div>\n\t\t\t<\/div> \n\t\t\t<div id=\"tab-radio-shuttle\" data-tab-icon=\"\" class=\"wpb_tab ui-tabs-panel wpb_ui-tabs-hide clearfix\">\n\t\t\t\t\n<div class=\"wpb_text_column wpb_content_element  wpb_animate_when_almost_visible wpb_fadeIn fadeIn\" >\n\t<div class=\"wpb_wrapper\">\n\t\t<p><span style=\"font-size: 14pt;\"><strong><span style=\"color: #f78400;\">R\u00e1dio Shuttle:<br \/>\n<\/span><\/strong><span style=\"color: #f78400;\">Intelligent Storage for High Performance<\/span><strong><span style=\"color: #f78400;\"><br \/>\n<\/span><\/strong><\/span><\/p>\n\t<\/div>\n<\/div>\n\n\n\n\n<div class=\"wpb_text_column wpb_content_element\" >\n\t<div class=\"wpb_wrapper\">\n\t\t<p>The Radio Shuttle system maximizes space and speeds up logistics operations with automated pallet transport within the shelf.<\/p>\n<p>Less manual handling, greater safety, and flexibility for different layouts and products.<\/p>\n<p>At the Leix\u00f5es platform, the 1,540-pallet capacity ensures a fast and reliable response to industry demands.<\/p>\n\t<\/div>\n<\/div>\n\n\n\n<div class=\"divider-wrap\" data-alignment=\"default\"><div style=\"height: 25px;\" class=\"divider\"><\/div><\/div>\n\t\t\t<\/div> <\/div><\/div><div id=\"fws_69e4bf904cf41\" data-midnight=\"\" data-column-margin=\"default\" class=\"wpb_row vc_row-fluid vc_row inner_row\"  style=\"padding-top: 8%; padding-bottom: 5%; \"><div class=\"row-bg-wrap\"> <div class=\"row-bg\" ><\/div> <\/div><div class=\"row_col_wrap_12_inner col span_12  center\">\n\t<div  class=\"vc_col-sm-12 wpb_column column_container vc_column_container col child_column no-extra-padding inherit_tablet inherit_phone\"   data-padding-pos=\"all\" data-has-bg-color=\"false\" data-bg-color=\"\" data-bg-opacity=\"1\" data-animation=\"\" data-delay=\"0\" >\n\t\t<div class=\"vc_column-inner\" >\n\t\t<div class=\"wpb_wrapper\">\n\t\t\t<a class=\"nectar-button large see-through-2  allButtons\"  role=\"button\" style=\"border-color: #F78400; color: #F78400;\"  href=\"\/en\/servicos\/\" data-color-override=\"#F78400\" data-hover-color-override=\"false\" data-hover-text-color-override=\"#ffffff\"><span>DISCOVER OUR SERVICES<\/span><\/a>\n\t\t<\/div> \n\t<\/div>\n\t<\/div> \n<\/div><\/div>\n\t\t\t<\/div> \n\t\t<\/div>\n\t<\/div> \n<\/div><\/div>","protected":false},"excerpt":{"rendered":"Equipamentos OS NOSSOS EQUIPAMENTOS PONTE ROLANTEEMPILHADOR FRONTALPin\u00e7a para bobines\u2028de papelGarras para movimenta\u00e7\u00e3o de bidonsR\u00e1dio Shuttle Pontes Rolantes: Pot\u00eancia e Precis\u00e3o Na plataforma de Leix\u00f5es, a Espa\u00e7otrans disp\u00f5e de duas pontes...","protected":false},"author":1,"featured_media":0,"parent":0,"menu_order":0,"comment_status":"closed","ping_status":"closed","template":"","meta":{"_acf_changed":false,"inline_featured_image":false,"footnotes":""},"class_list":["post-6381","page","type-page","status-publish"],"acf":[],"yoast_head":"<!-- This site is optimized with the Yoast SEO plugin v26.3 - https:\/\/yoast.com\/wordpress\/plugins\/seo\/ -->\n<title>Equipamentos - Espa\u00e7oTrans<\/title>\n<meta name=\"robots\" content=\"index, follow, max-snippet:-1, max-image-preview:large, max-video-preview:-1\" \/>\n<link rel=\"canonical\" href=\"https:\/\/espacotrans.com\/en\/equipamentos\/\" \/>\n<meta property=\"og:locale\" content=\"en_US\" \/>\n<meta property=\"og:type\" content=\"article\" \/>\n<meta property=\"og:title\" content=\"Equipamentos - Espa\u00e7oTrans\" \/>\n<meta property=\"og:url\" content=\"https:\/\/espacotrans.com\/en\/equipamentos\/\" \/>\n<meta property=\"og:site_name\" content=\"Espa\u00e7oTrans\" \/>\n<meta property=\"article:modified_time\" content=\"2026-04-14T10:12:13+00:00\" \/>\n<meta name=\"twitter:card\" content=\"summary_large_image\" \/>\n<meta name=\"twitter:label1\" content=\"Est. reading time\" \/>\n\t<meta name=\"twitter:data1\" content=\"4 minutes\" \/>\n<script type=\"application\/ld+json\" class=\"yoast-schema-graph\">{\"@context\":\"https:\/\/schema.org\",\"@graph\":[{\"@type\":\"WebPage\",\"@id\":\"https:\/\/espacotrans.com\/equipamentos\/\",\"url\":\"https:\/\/espacotrans.com\/equipamentos\/\",\"name\":\"Equipamentos - Espa\u00e7oTrans\",\"isPartOf\":{\"@id\":\"https:\/\/espacotrans.com\/#website\"},\"datePublished\":\"2025-09-05T11:39:04+00:00\",\"dateModified\":\"2026-04-14T10:12:13+00:00\",\"breadcrumb\":{\"@id\":\"https:\/\/espacotrans.com\/equipamentos\/#breadcrumb\"},\"inLanguage\":\"en-US\",\"potentialAction\":[{\"@type\":\"ReadAction\",\"target\":[\"https:\/\/espacotrans.com\/equipamentos\/\"]}]},{\"@type\":\"BreadcrumbList\",\"@id\":\"https:\/\/espacotrans.com\/equipamentos\/#breadcrumb\",\"itemListElement\":[{\"@type\":\"ListItem\",\"position\":1,\"name\":\"In\u00edcio\",\"item\":\"https:\/\/espacotrans.com\/\"},{\"@type\":\"ListItem\",\"position\":2,\"name\":\"Equipamentos\"}]},{\"@type\":\"WebSite\",\"@id\":\"https:\/\/espacotrans.com\/#website\",\"url\":\"https:\/\/espacotrans.com\/\",\"name\":\"Espa\u00e7oTrans\",\"description\":\"\",\"publisher\":{\"@id\":\"https:\/\/espacotrans.com\/#organization\"},\"potentialAction\":[{\"@type\":\"SearchAction\",\"target\":{\"@type\":\"EntryPoint\",\"urlTemplate\":\"https:\/\/espacotrans.com\/?s={search_term_string}\"},\"query-input\":{\"@type\":\"PropertyValueSpecification\",\"valueRequired\":true,\"valueName\":\"search_term_string\"}}],\"inLanguage\":\"en-US\"},{\"@type\":\"Organization\",\"@id\":\"https:\/\/espacotrans.com\/#organization\",\"name\":\"Espa\u00e7oTrans\",\"url\":\"https:\/\/espacotrans.com\/\",\"logo\":{\"@type\":\"ImageObject\",\"inLanguage\":\"en-US\",\"@id\":\"https:\/\/espacotrans.com\/#\/schema\/logo\/image\/\",\"url\":\"https:\/\/espacotrans.com\/wp-content\/uploads\/2025\/07\/logoEspacoTrans.png\",\"contentUrl\":\"https:\/\/espacotrans.com\/wp-content\/uploads\/2025\/07\/logoEspacoTrans.png\",\"width\":796,\"height\":112,\"caption\":\"Espa\u00e7oTrans\"},\"image\":{\"@id\":\"https:\/\/espacotrans.com\/#\/schema\/logo\/image\/\"}}]}<\/script>\n<!-- \/ Yoast SEO plugin. -->","yoast_head_json":{"title":"Equipamentos - Espa\u00e7oTrans","robots":{"index":"index","follow":"follow","max-snippet":"max-snippet:-1","max-image-preview":"max-image-preview:large","max-video-preview":"max-video-preview:-1"},"canonical":"https:\/\/espacotrans.com\/en\/equipamentos\/","og_locale":"en_US","og_type":"article","og_title":"Equipamentos - Espa\u00e7oTrans","og_url":"https:\/\/espacotrans.com\/en\/equipamentos\/","og_site_name":"Espa\u00e7oTrans","article_modified_time":"2026-04-14T10:12:13+00:00","twitter_card":"summary_large_image","twitter_misc":{"Est. reading time":"4 minutes"},"schema":{"@context":"https:\/\/schema.org","@graph":[{"@type":"WebPage","@id":"https:\/\/espacotrans.com\/equipamentos\/","url":"https:\/\/espacotrans.com\/equipamentos\/","name":"Equipamentos - Espa\u00e7oTrans","isPartOf":{"@id":"https:\/\/espacotrans.com\/#website"},"datePublished":"2025-09-05T11:39:04+00:00","dateModified":"2026-04-14T10:12:13+00:00","breadcrumb":{"@id":"https:\/\/espacotrans.com\/equipamentos\/#breadcrumb"},"inLanguage":"en-US","potentialAction":[{"@type":"ReadAction","target":["https:\/\/espacotrans.com\/equipamentos\/"]}]},{"@type":"BreadcrumbList","@id":"https:\/\/espacotrans.com\/equipamentos\/#breadcrumb","itemListElement":[{"@type":"ListItem","position":1,"name":"In\u00edcio","item":"https:\/\/espacotrans.com\/"},{"@type":"ListItem","position":2,"name":"Equipamentos"}]},{"@type":"WebSite","@id":"https:\/\/espacotrans.com\/#website","url":"https:\/\/espacotrans.com\/","name":"Espa\u00e7oTrans","description":"","publisher":{"@id":"https:\/\/espacotrans.com\/#organization"},"potentialAction":[{"@type":"SearchAction","target":{"@type":"EntryPoint","urlTemplate":"https:\/\/espacotrans.com\/?s={search_term_string}"},"query-input":{"@type":"PropertyValueSpecification","valueRequired":true,"valueName":"search_term_string"}}],"inLanguage":"en-US"},{"@type":"Organization","@id":"https:\/\/espacotrans.com\/#organization","name":"Espa\u00e7oTrans","url":"https:\/\/espacotrans.com\/","logo":{"@type":"ImageObject","inLanguage":"en-US","@id":"https:\/\/espacotrans.com\/#\/schema\/logo\/image\/","url":"https:\/\/espacotrans.com\/wp-content\/uploads\/2025\/07\/logoEspacoTrans.png","contentUrl":"https:\/\/espacotrans.com\/wp-content\/uploads\/2025\/07\/logoEspacoTrans.png","width":796,"height":112,"caption":"Espa\u00e7oTrans"},"image":{"@id":"https:\/\/espacotrans.com\/#\/schema\/logo\/image\/"}}]}},"_links":{"self":[{"href":"https:\/\/espacotrans.com\/en\/wp-json\/wp\/v2\/pages\/6381","targetHints":{"allow":["GET"]}}],"collection":[{"href":"https:\/\/espacotrans.com\/en\/wp-json\/wp\/v2\/pages"}],"about":[{"href":"https:\/\/espacotrans.com\/en\/wp-json\/wp\/v2\/types\/page"}],"author":[{"embeddable":true,"href":"https:\/\/espacotrans.com\/en\/wp-json\/wp\/v2\/users\/1"}],"replies":[{"embeddable":true,"href":"https:\/\/espacotrans.com\/en\/wp-json\/wp\/v2\/comments?post=6381"}],"version-history":[{"count":30,"href":"https:\/\/espacotrans.com\/en\/wp-json\/wp\/v2\/pages\/6381\/revisions"}],"predecessor-version":[{"id":6503,"href":"https:\/\/espacotrans.com\/en\/wp-json\/wp\/v2\/pages\/6381\/revisions\/6503"}],"wp:attachment":[{"href":"https:\/\/espacotrans.com\/en\/wp-json\/wp\/v2\/media?parent=6381"}],"curies":[{"name":"wp","href":"https:\/\/api.w.org\/{rel}","templated":true}]}}